{"id":101,"date":"2026-03-17T10:35:34","date_gmt":"2026-03-17T10:35:34","guid":{"rendered":"http:\/\/jeffs-bryggeri.local\/?page_id=20"},"modified":"2026-03-26T06:19:34","modified_gmt":"2026-03-26T06:19:34","slug":"hem","status":"publish","type":"page","link":"https:\/\/jeffsbryggeri.glimnet.nu\/","title":{"rendered":"Startsida"},"content":{"rendered":"\n<h2 class=\"wp-block-heading has-text-align-center\">Jeffs microbryggeri<\/h2>\n\n\n\n<div class=\"wp-block-group is-nowrap is-layout-flex wp-container-core-group-is-layout-ad2f72ca wp-block-group-is-layout-flex\">\n<p class=\"has-text-align-center\">Jeffs Bryggeri b\u00f6rjade som ett garageprojekt med fokus p\u00e5 \u00f6l som levererar mer \u00e4n v\u00e4ntat. I dag brygger vi i sm\u00e5 satser med rena r\u00e5varor, balanserade smaker och respekt f\u00f6r hantverket. H\u00e4r m\u00f6ts klassiska stilar och egna experiment.<\/p>\n<\/div>\n\n\n\n<figure class=\"wp-block-gallery has-nested-images columns-default is-cropped wp-block-gallery-1 is-layout-flex wp-block-gallery-is-layout-flex\">\n<figure class=\"wp-block-image size-large\"><img loading=\"lazy\" decoding=\"async\" width=\"380\" height=\"380\" data-id=\"128\" src=\"https:\/\/jeffsbryggeri.glimnet.nu\/wp-content\/uploads\/2026\/03\/Rectangle-14-2.png\" alt=\"\" class=\"wp-image-128\" srcset=\"https:\/\/jeffsbryggeri.glimnet.nu\/wp-content\/uploads\/2026\/03\/Rectangle-14-2.png 380w, https:\/\/jeffsbryggeri.glimnet.nu\/wp-content\/uploads\/2026\/03\/Rectangle-14-2-300x300.png 300w, https:\/\/jeffsbryggeri.glimnet.nu\/wp-content\/uploads\/2026\/03\/Rectangle-14-2-100x100.png 100w, https:\/\/jeffsbryggeri.glimnet.nu\/wp-content\/uploads\/2026\/03\/Rectangle-14-2-150x150.png 150w\" sizes=\"auto, (max-width: 380px) 100vw, 380px\" \/><\/figure>\n\n\n\n<figure class=\"wp-block-image size-large\"><img loading=\"lazy\" decoding=\"async\" width=\"380\" height=\"380\" data-id=\"129\" src=\"https:\/\/jeffsbryggeri.glimnet.nu\/wp-content\/uploads\/2026\/03\/Rectangle-14-1-1.png\" alt=\"\" class=\"wp-image-129\" srcset=\"https:\/\/jeffsbryggeri.glimnet.nu\/wp-content\/uploads\/2026\/03\/Rectangle-14-1-1.png 380w, https:\/\/jeffsbryggeri.glimnet.nu\/wp-content\/uploads\/2026\/03\/Rectangle-14-1-1-300x300.png 300w, https:\/\/jeffsbryggeri.glimnet.nu\/wp-content\/uploads\/2026\/03\/Rectangle-14-1-1-100x100.png 100w, https:\/\/jeffsbryggeri.glimnet.nu\/wp-content\/uploads\/2026\/03\/Rectangle-14-1-1-150x150.png 150w\" sizes=\"auto, (max-width: 380px) 100vw, 380px\" \/><\/figure>\n\n\n\n<figure class=\"wp-block-image size-large\"><img loading=\"lazy\" decoding=\"async\" width=\"380\" height=\"380\" data-id=\"130\" src=\"https:\/\/jeffsbryggeri.glimnet.nu\/wp-content\/uploads\/2026\/03\/Rectangle-14-3.png\" alt=\"\" class=\"wp-image-130\" srcset=\"https:\/\/jeffsbryggeri.glimnet.nu\/wp-content\/uploads\/2026\/03\/Rectangle-14-3.png 380w, https:\/\/jeffsbryggeri.glimnet.nu\/wp-content\/uploads\/2026\/03\/Rectangle-14-3-300x300.png 300w, https:\/\/jeffsbryggeri.glimnet.nu\/wp-content\/uploads\/2026\/03\/Rectangle-14-3-100x100.png 100w, https:\/\/jeffsbryggeri.glimnet.nu\/wp-content\/uploads\/2026\/03\/Rectangle-14-3-150x150.png 150w\" sizes=\"auto, (max-width: 380px) 100vw, 380px\" \/><\/figure>\n<\/figure>\n\n\n\n<h2 class=\"wp-block-heading has-text-align-center\"><strong>Handla i v\u00e5r webshop<\/strong><\/h2>\n\n\n\n<p class=\"has-text-align-center\">Handla enkelt och bekv\u00e4mt direkt i v\u00e5r webshop och l\u00e5t kvalitets\u00f6l bli en del av dina b\u00e4sta stunder. Perfekt f\u00f6r middagar, helger eller som en uppskattad present.<\/p>\n\n\n\n<div data-wp-context=\"{&quot;notices&quot;:[],&quot;hideNextPreviousButtons&quot;:false,&quot;isDisabledPrevious&quot;:true,&quot;isDisabledNext&quot;:false,&quot;ariaLabelPrevious&quot;:&quot;F\\u00f6reg\\u00e5ende produkter&quot;,&quot;ariaLabelNext&quot;:&quot;N\\u00e4sta produkter&quot;,&quot;collection&quot;:&quot;woocommerce\\\/product-collection\\\/hand-picked&quot;}\" data-wp-init=\"callbacks.onRender\" data-wp-interactive=\"woocommerce\/product-collection\" data-wp-router-region=\"wc-product-collection-0\" data-__private-preview-state=\"{&quot;isPreview&quot;:false,&quot;previewMessage&quot;:&quot;Faktiska produkter kommer att variera beroende p\\u00e5 vilken sida som visas.&quot;}\" data-block-name=\"woocommerce\/product-collection\" data-collection=\"woocommerce\/product-collection\/hand-picked\" data-dimensions=\"{&quot;widthType&quot;:&quot;fill&quot;}\" data-display-layout=\"{&quot;type&quot;:&quot;flex&quot;,&quot;columns&quot;:3,&quot;shrinkColumns&quot;:true}\" data-hide-controls=\"[&quot;inherit&quot;,&quot;hand-picked&quot;,&quot;filterable&quot;,&quot;order&quot;]\" data-query-context-includes=\"[&quot;collection&quot;]\" data-query-id=\"0\" data-query=\"{&quot;perPage&quot;:3,&quot;pages&quot;:0,&quot;offset&quot;:0,&quot;postType&quot;:&quot;product&quot;,&quot;order&quot;:&quot;asc&quot;,&quot;orderBy&quot;:&quot;post__in&quot;,&quot;search&quot;:&quot;&quot;,&quot;exclude&quot;:[],&quot;inherit&quot;:false,&quot;taxQuery&quot;:[],&quot;isProductCollectionBlock&quot;:true,&quot;featured&quot;:false,&quot;woocommerceOnSale&quot;:false,&quot;woocommerceStockStatus&quot;:[&quot;instock&quot;,&quot;outofstock&quot;,&quot;onbackorder&quot;],&quot;woocommerceAttributes&quot;:[],&quot;woocommerceHandPickedProducts&quot;:[&quot;46&quot;,&quot;60&quot;,&quot;68&quot;],&quot;filterable&quot;:false,&quot;relatedBy&quot;:{&quot;categories&quot;:true,&quot;tags&quot;:true}}\" data-tag-name=\"div\" class=\"wp-block-woocommerce-product-collection is-layout-flow wp-block-woocommerce-product-collection-is-layout-flow\">\t\t<div data-wp-interactive=\"woocommerce\/store-notices\" class=\"wc-block-components-notices alignwide\">\n\t\t\t<template data-wp-each--notice=\"state.notices\" data-wp-each-key=\"context.notice.id\">\n\t\t\t\t<div\n\t\t\t\t\tclass=\"wc-block-components-notice-banner\"\n\t\t\t\t\tdata-wp-init=\"callbacks.scrollIntoView\"\n\t\t\t\t\tdata-wp-class--is-error=\"state.isError\"\n\t\t\t\t\tdata-wp-class--is-success=\"state.isSuccess\"\n\t\t\t\t\tdata-wp-class--is-info=\"state.isInfo\"\n\t\t\t\t\tdata-wp-class--is-dismissible=\"context.notice.dismissible\"\n\t\t\t\t\tdata-wp-bind--role=\"state.role\"\n\t\t\t\t\tdata-wp-watch=\"callbacks.injectIcon\"\n\t\t\t\t>\n\t\t\t\t\t<div class=\"wc-block-components-notice-banner__content\">\n\t\t\t\t\t\t<span data-wp-init=\"callbacks.renderNoticeContent\" aria-live=\"assertive\" aria-atomic=\"true\"><\/span>\n\t\t\t\t\t<\/div>\n\t\t\t\t\t<button\n\t\t\t\t\t\tdata-wp-bind--hidden=\"!context.notice.dismissible\"\n\t\t\t\t\t\tclass=\"wc-block-components-button wp-element-button wc-block-components-notice-banner__dismiss contained\"\n\t\t\t\t\t\taria-label=\"Avf\u00e4rda denna notis\"\n\t\t\t\t\t\tdata-wp-on--click=\"actions.removeNotice\"\n\t\t\t\t\t>\n\t\t\t\t\t\t<svg xmlns=\"http:\/\/www.w3.org\/2000\/svg\" viewBox=\"0 0 24 24\">\n\t\t\t\t\t\t\t<path d=\"M13 11.8l6.1-6.3-1-1-6.1 6.2-6.1-6.2-1 1 6.1 6.3-6.5 6.7 1 1 6.5-6.6 6.5 6.6 1-1z\" \/>\n\t\t\t\t\t\t<\/svg>\n\t\t\t\t\t<\/button>\n\t\t\t\t<\/div>\n\t\t\t<\/template>\n\t\t<\/div>\n\t\t\n<h2 class=\"wp-block-heading has-text-align-center\" style=\"margin-bottom:1rem\">Rekommenderade produkter<\/h2>\n\n\n<ul data-block-name=\"woocommerce\/product-template\" class=\"wc-block-product-template__responsive columns-3 wc-block-product-template wp-block-woocommerce-product-template is-layout-flow wp-block-woocommerce-product-template-is-layout-flow\" data-wp-on--scroll=\"actions.watchScroll\" data-wp-init=\"callbacks.initResizeObserver\"><li class=\"wc-block-product post-46 product type-product status-publish has-post-thumbnail product_cat-ale first instock shipping-taxable purchasable product-type-simple\"\n\t\t\t\t\t\n\t\t\t\tdata-wp-interactive=\"woocommerce\/product-collection\"\n\t\t\t\tdata-wp-context='{\"productId\":46}'\n\t\t\t\tdata-wp-key=\"product-item-46\"\n\t\t\t\n\t\t\t\t>\n\t\t\t\t\t\n<div data-block-name=\"woocommerce\/product-image\" data-image-sizing=\"thumbnail\" data-is-descendent-of-query-loop=\"true\" data-show-sale-badge=\"false\" class=\"wc-block-components-product-image wc-block-grid__product-image wc-block-components-product-image--aspect-ratio-auto wp-block-woocommerce-product-image\"><a href=\"https:\/\/jeffsbryggeri.glimnet.nu\/index.php\/produkt\/amber-trail\/\" style=\"\" data-wp-on--click=\"woocommerce\/product-collection::actions.viewProduct\"><img decoding=\"async\" width=\"300\" height=\"300\" src=\"https:\/\/jeffsbryggeri.glimnet.nu\/wp-content\/uploads\/2026\/03\/Untitled-Project-Mockup-6-300x300.png\" class=\"attachment-woocommerce_thumbnail size-woocommerce_thumbnail\" alt=\"Amber Trail\" data-testid=\"product-image\" data-image-id=\"47\" style=\"object-fit:cover;\" loading=\"lazy\" srcset=\"https:\/\/jeffsbryggeri.glimnet.nu\/wp-content\/uploads\/2026\/03\/Untitled-Project-Mockup-6-300x300.png 300w, https:\/\/jeffsbryggeri.glimnet.nu\/wp-content\/uploads\/2026\/03\/Untitled-Project-Mockup-6-100x100.png 100w, https:\/\/jeffsbryggeri.glimnet.nu\/wp-content\/uploads\/2026\/03\/Untitled-Project-Mockup-6-600x600.png 600w, https:\/\/jeffsbryggeri.glimnet.nu\/wp-content\/uploads\/2026\/03\/Untitled-Project-Mockup-6-1024x1024.png 1024w, https:\/\/jeffsbryggeri.glimnet.nu\/wp-content\/uploads\/2026\/03\/Untitled-Project-Mockup-6-150x150.png 150w, https:\/\/jeffsbryggeri.glimnet.nu\/wp-content\/uploads\/2026\/03\/Untitled-Project-Mockup-6-768x768.png 768w, https:\/\/jeffsbryggeri.glimnet.nu\/wp-content\/uploads\/2026\/03\/Untitled-Project-Mockup-6.png 1200w\" sizes=\"auto, (max-width: 300px) 100vw, 300px\" \/><div class=\"wc-block-components-product-image__inner-container\">\n\n<\/div><\/a><\/div>\n\n<h2 style=\"line-height:1.4; margin-bottom:0.75rem;margin-top:0;\" class=\"has-text-align-center wp-block-post-title has-medium-font-size\"><a data-wp-on--click=\"woocommerce\/product-collection::actions.viewProduct\" href=\"https:\/\/jeffsbryggeri.glimnet.nu\/index.php\/produkt\/amber-trail\/\" target=\"_self\" >Amber Trail<\/a><\/h2>\n\n<div data-block-name=\"woocommerce\/product-price\" data-font-size=\"small\" data-is-descendent-of-query-loop=\"true\" data-text-align=\"center\" class=\"has-font-size has-small-font-size has-text-align-center wp-block-woocommerce-product-price has-small-font-size\" ><div class=\"wc-block-components-product-price wc-block-grid__product-price\" >\n\t\t\t\t\t<span class=\"woocommerce-Price-amount amount\"><bdi>39,90&nbsp;<span class=\"woocommerce-Price-currencySymbol\">&#107;&#114;<\/span><\/bdi><\/span>\n\t\t\t\t<\/div><\/div>\n\n<div data-block-name=\"woocommerce\/product-button\" data-font-size=\"small\" data-is-descendent-of-query-loop=\"true\" data-text-align=\"center\" class=\"wp-block-button wc-block-components-product-button   align-center wp-block-woocommerce-product-button has-small-font-size\"\n\t\t\t\t\t\n\t\t\tdata-wp-interactive=\"woocommerce\/product-button\"\n\t\t\tdata-wp-init=\"actions.refreshCartItems\"\n\t\t\n\t\t\t\t\tdata-wp-context='{\"quantityToAdd\":1,\"productId\":46,\"productType\":\"simple\",\"addToCartText\":\"L\\u00e4gg till i varukorg\",\"tempQuantity\":0,\"animationStatus\":\"IDLE\",\"inTheCartText\":\"### i varukorgen\",\"noticeId\":\"\",\"hasPressedButton\":false}'\n\t\t\t\t>\n\t\t\t\t\t<button\n\t\t\t\t\t\tclass=\"wp-block-button__link wp-element-button wc-block-components-product-button__button add_to_cart_button ajax_add_to_cart product_type_simple has-font-size has-small-font-size has-text-align-center wc-interactive\"\n\t\t\t\t\t\tstyle=\"\"\n\t\t\t\t\t\ttype=\"button\" data-product_id=\"46\" data-product_sku=\"\" aria-label=\"L\u00e4gg till i varukorgen: \u201dAmber Trail\u201d\"\n\t\t\t\t\t\tdata-wp-on--click=\"actions.addCartItem\"\n\t\t\t\t\t>\n\t\t\t\t\t<span \n\t\t\tdata-wp-text=\"state.addToCartText\"\n\t\t\tdata-wp-class--wc-block-slide-in=\"state.slideInAnimation\"\n\t\t\tdata-wp-class--wc-block-slide-out=\"state.slideOutAnimation\"\n\t\t\tdata-wp-on--animationend=\"actions.handleAnimationEnd\"\n\t\t\tdata-wp-watch=\"callbacks.startAnimation\"\n\t\t\tdata-wp-run=\"callbacks.syncTempQuantityOnLoad\"\n\t\t>L\u00e4gg till i varukorg<\/span>\n\t\t\t\t\t<\/button>\n\t\t\t\t\t<span\n\t\t\t\thidden\n\t\t\t\tdata-wp-bind--hidden=\"!state.displayViewCart\"\n\t\t\t>\n\t\t\t\t<a\n\t\t\t\t\thref=\"https:\/\/jeffsbryggeri.glimnet.nu\/index.php\/varukorg\/\"\n\t\t\t\t\tclass=\"added_to_cart wc_forward\"\n\t\t\t\t\ttitle=\"Visa varukorg\"\n\t\t\t\t>\n\t\t\t\t\tVisa varukorg\n\t\t\t\t<\/a>\n\t\t\t<\/span>\n\t\t\t\t<\/div>\n\n\t\t\t\t<\/li><li class=\"wc-block-product post-60 product type-product status-publish has-post-thumbnail product_cat-ipa  instock shipping-taxable purchasable product-type-simple\"\n\t\t\t\t\t\n\t\t\t\tdata-wp-interactive=\"woocommerce\/product-collection\"\n\t\t\t\tdata-wp-context='{\"productId\":60}'\n\t\t\t\tdata-wp-key=\"product-item-60\"\n\t\t\t\n\t\t\t\t>\n\t\t\t\t\t\n<div data-block-name=\"woocommerce\/product-image\" data-image-sizing=\"thumbnail\" data-is-descendent-of-query-loop=\"true\" data-show-sale-badge=\"false\" class=\"wc-block-components-product-image wc-block-grid__product-image wc-block-components-product-image--aspect-ratio-auto wp-block-woocommerce-product-image\"><a href=\"https:\/\/jeffsbryggeri.glimnet.nu\/index.php\/produkt\/bitter-ridge\/\" style=\"\" data-wp-on--click=\"woocommerce\/product-collection::actions.viewProduct\"><img decoding=\"async\" width=\"300\" height=\"300\" src=\"https:\/\/jeffsbryggeri.glimnet.nu\/wp-content\/uploads\/2026\/03\/Untitled-Project-Mockup-15-300x300.png\" class=\"attachment-woocommerce_thumbnail size-woocommerce_thumbnail\" alt=\"Bitter Ridge\" data-testid=\"product-image\" data-image-id=\"61\" style=\"object-fit:cover;\" loading=\"lazy\" srcset=\"https:\/\/jeffsbryggeri.glimnet.nu\/wp-content\/uploads\/2026\/03\/Untitled-Project-Mockup-15-300x300.png 300w, https:\/\/jeffsbryggeri.glimnet.nu\/wp-content\/uploads\/2026\/03\/Untitled-Project-Mockup-15-100x100.png 100w, https:\/\/jeffsbryggeri.glimnet.nu\/wp-content\/uploads\/2026\/03\/Untitled-Project-Mockup-15-600x600.png 600w, https:\/\/jeffsbryggeri.glimnet.nu\/wp-content\/uploads\/2026\/03\/Untitled-Project-Mockup-15-1024x1024.png 1024w, https:\/\/jeffsbryggeri.glimnet.nu\/wp-content\/uploads\/2026\/03\/Untitled-Project-Mockup-15-150x150.png 150w, https:\/\/jeffsbryggeri.glimnet.nu\/wp-content\/uploads\/2026\/03\/Untitled-Project-Mockup-15-768x768.png 768w, https:\/\/jeffsbryggeri.glimnet.nu\/wp-content\/uploads\/2026\/03\/Untitled-Project-Mockup-15.png 1200w\" sizes=\"auto, (max-width: 300px) 100vw, 300px\" \/><div class=\"wc-block-components-product-image__inner-container\">\n\n<\/div><\/a><\/div>\n\n<h2 style=\"line-height:1.4; margin-bottom:0.75rem;margin-top:0;\" class=\"has-text-align-center wp-block-post-title has-medium-font-size\"><a data-wp-on--click=\"woocommerce\/product-collection::actions.viewProduct\" href=\"https:\/\/jeffsbryggeri.glimnet.nu\/index.php\/produkt\/bitter-ridge\/\" target=\"_self\" >Bitter Ridge<\/a><\/h2>\n\n<div data-block-name=\"woocommerce\/product-price\" data-font-size=\"small\" data-is-descendent-of-query-loop=\"true\" data-text-align=\"center\" class=\"has-font-size has-small-font-size has-text-align-center wp-block-woocommerce-product-price has-small-font-size\" ><div class=\"wc-block-components-product-price wc-block-grid__product-price\" >\n\t\t\t\t\t<span class=\"woocommerce-Price-amount amount\"><bdi>42,90&nbsp;<span class=\"woocommerce-Price-currencySymbol\">&#107;&#114;<\/span><\/bdi><\/span>\n\t\t\t\t<\/div><\/div>\n\n<div data-block-name=\"woocommerce\/product-button\" data-font-size=\"small\" data-is-descendent-of-query-loop=\"true\" data-text-align=\"center\" class=\"wp-block-button wc-block-components-product-button   align-center wp-block-woocommerce-product-button has-small-font-size\"\n\t\t\t\t\t\n\t\t\tdata-wp-interactive=\"woocommerce\/product-button\"\n\t\t\tdata-wp-init=\"actions.refreshCartItems\"\n\t\t\n\t\t\t\t\tdata-wp-context='{\"quantityToAdd\":1,\"productId\":60,\"productType\":\"simple\",\"addToCartText\":\"L\\u00e4gg till i varukorg\",\"tempQuantity\":0,\"animationStatus\":\"IDLE\",\"inTheCartText\":\"### i varukorgen\",\"noticeId\":\"\",\"hasPressedButton\":false}'\n\t\t\t\t>\n\t\t\t\t\t<button\n\t\t\t\t\t\tclass=\"wp-block-button__link wp-element-button wc-block-components-product-button__button add_to_cart_button ajax_add_to_cart product_type_simple has-font-size has-small-font-size has-text-align-center wc-interactive\"\n\t\t\t\t\t\tstyle=\"\"\n\t\t\t\t\t\ttype=\"button\" data-product_id=\"60\" data-product_sku=\"\" aria-label=\"L\u00e4gg till i varukorgen: \u201dBitter Ridge\u201d\"\n\t\t\t\t\t\tdata-wp-on--click=\"actions.addCartItem\"\n\t\t\t\t\t>\n\t\t\t\t\t<span \n\t\t\tdata-wp-text=\"state.addToCartText\"\n\t\t\tdata-wp-class--wc-block-slide-in=\"state.slideInAnimation\"\n\t\t\tdata-wp-class--wc-block-slide-out=\"state.slideOutAnimation\"\n\t\t\tdata-wp-on--animationend=\"actions.handleAnimationEnd\"\n\t\t\tdata-wp-watch=\"callbacks.startAnimation\"\n\t\t\tdata-wp-run=\"callbacks.syncTempQuantityOnLoad\"\n\t\t>L\u00e4gg till i varukorg<\/span>\n\t\t\t\t\t<\/button>\n\t\t\t\t\t<span\n\t\t\t\thidden\n\t\t\t\tdata-wp-bind--hidden=\"!state.displayViewCart\"\n\t\t\t>\n\t\t\t\t<a\n\t\t\t\t\thref=\"https:\/\/jeffsbryggeri.glimnet.nu\/index.php\/varukorg\/\"\n\t\t\t\t\tclass=\"added_to_cart wc_forward\"\n\t\t\t\t\ttitle=\"Visa varukorg\"\n\t\t\t\t>\n\t\t\t\t\tVisa varukorg\n\t\t\t\t<\/a>\n\t\t\t<\/span>\n\t\t\t\t<\/div>\n\n\t\t\t\t<\/li><li class=\"wc-block-product post-68 product type-product status-publish has-post-thumbnail product_cat-porter-stout  instock shipping-taxable purchasable product-type-simple\"\n\t\t\t\t\t\n\t\t\t\tdata-wp-interactive=\"woocommerce\/product-collection\"\n\t\t\t\tdata-wp-context='{\"productId\":68}'\n\t\t\t\tdata-wp-key=\"product-item-68\"\n\t\t\t\n\t\t\t\t>\n\t\t\t\t\t\n<div data-block-name=\"woocommerce\/product-image\" data-image-sizing=\"thumbnail\" data-is-descendent-of-query-loop=\"true\" data-show-sale-badge=\"false\" class=\"wc-block-components-product-image wc-block-grid__product-image wc-block-components-product-image--aspect-ratio-auto wp-block-woocommerce-product-image\"><a href=\"https:\/\/jeffsbryggeri.glimnet.nu\/index.php\/produkt\/black-lantern\/\" style=\"\" data-wp-on--click=\"woocommerce\/product-collection::actions.viewProduct\"><img decoding=\"async\" width=\"300\" height=\"300\" src=\"https:\/\/jeffsbryggeri.glimnet.nu\/wp-content\/uploads\/2026\/03\/Untitled-Project-Mockup-19-300x300.png\" class=\"attachment-woocommerce_thumbnail size-woocommerce_thumbnail\" alt=\"Black Lantern\" data-testid=\"product-image\" data-image-id=\"69\" style=\"object-fit:cover;\" loading=\"lazy\" srcset=\"https:\/\/jeffsbryggeri.glimnet.nu\/wp-content\/uploads\/2026\/03\/Untitled-Project-Mockup-19-300x300.png 300w, https:\/\/jeffsbryggeri.glimnet.nu\/wp-content\/uploads\/2026\/03\/Untitled-Project-Mockup-19-100x100.png 100w, https:\/\/jeffsbryggeri.glimnet.nu\/wp-content\/uploads\/2026\/03\/Untitled-Project-Mockup-19-600x600.png 600w, https:\/\/jeffsbryggeri.glimnet.nu\/wp-content\/uploads\/2026\/03\/Untitled-Project-Mockup-19-1024x1024.png 1024w, https:\/\/jeffsbryggeri.glimnet.nu\/wp-content\/uploads\/2026\/03\/Untitled-Project-Mockup-19-150x150.png 150w, https:\/\/jeffsbryggeri.glimnet.nu\/wp-content\/uploads\/2026\/03\/Untitled-Project-Mockup-19-768x768.png 768w, https:\/\/jeffsbryggeri.glimnet.nu\/wp-content\/uploads\/2026\/03\/Untitled-Project-Mockup-19.png 1200w\" sizes=\"auto, (max-width: 300px) 100vw, 300px\" \/><div class=\"wc-block-components-product-image__inner-container\">\n\n<\/div><\/a><\/div>\n\n<h2 style=\"line-height:1.4; margin-bottom:0.75rem;margin-top:0;\" class=\"has-text-align-center wp-block-post-title has-medium-font-size\"><a data-wp-on--click=\"woocommerce\/product-collection::actions.viewProduct\" href=\"https:\/\/jeffsbryggeri.glimnet.nu\/index.php\/produkt\/black-lantern\/\" target=\"_self\" >Black Lantern<\/a><\/h2>\n\n<div data-block-name=\"woocommerce\/product-price\" data-font-size=\"small\" data-is-descendent-of-query-loop=\"true\" data-text-align=\"center\" class=\"has-font-size has-small-font-size has-text-align-center wp-block-woocommerce-product-price has-small-font-size\" ><div class=\"wc-block-components-product-price wc-block-grid__product-price\" >\n\t\t\t\t\t<span class=\"woocommerce-Price-amount amount\"><bdi>43,90&nbsp;<span class=\"woocommerce-Price-currencySymbol\">&#107;&#114;<\/span><\/bdi><\/span>\n\t\t\t\t<\/div><\/div>\n\n<div data-block-name=\"woocommerce\/product-button\" data-font-size=\"small\" data-is-descendent-of-query-loop=\"true\" data-text-align=\"center\" class=\"wp-block-button wc-block-components-product-button   align-center wp-block-woocommerce-product-button has-small-font-size\"\n\t\t\t\t\t\n\t\t\tdata-wp-interactive=\"woocommerce\/product-button\"\n\t\t\tdata-wp-init=\"actions.refreshCartItems\"\n\t\t\n\t\t\t\t\tdata-wp-context='{\"quantityToAdd\":1,\"productId\":68,\"productType\":\"simple\",\"addToCartText\":\"L\\u00e4gg till i varukorg\",\"tempQuantity\":0,\"animationStatus\":\"IDLE\",\"inTheCartText\":\"### i varukorgen\",\"noticeId\":\"\",\"hasPressedButton\":false}'\n\t\t\t\t>\n\t\t\t\t\t<button\n\t\t\t\t\t\tclass=\"wp-block-button__link wp-element-button wc-block-components-product-button__button add_to_cart_button ajax_add_to_cart product_type_simple has-font-size has-small-font-size has-text-align-center wc-interactive\"\n\t\t\t\t\t\tstyle=\"\"\n\t\t\t\t\t\ttype=\"button\" data-product_id=\"68\" data-product_sku=\"\" aria-label=\"L\u00e4gg till i varukorgen: \u201dBlack Lantern\u201d\"\n\t\t\t\t\t\tdata-wp-on--click=\"actions.addCartItem\"\n\t\t\t\t\t>\n\t\t\t\t\t<span \n\t\t\tdata-wp-text=\"state.addToCartText\"\n\t\t\tdata-wp-class--wc-block-slide-in=\"state.slideInAnimation\"\n\t\t\tdata-wp-class--wc-block-slide-out=\"state.slideOutAnimation\"\n\t\t\tdata-wp-on--animationend=\"actions.handleAnimationEnd\"\n\t\t\tdata-wp-watch=\"callbacks.startAnimation\"\n\t\t\tdata-wp-run=\"callbacks.syncTempQuantityOnLoad\"\n\t\t>L\u00e4gg till i varukorg<\/span>\n\t\t\t\t\t<\/button>\n\t\t\t\t\t<span\n\t\t\t\thidden\n\t\t\t\tdata-wp-bind--hidden=\"!state.displayViewCart\"\n\t\t\t>\n\t\t\t\t<a\n\t\t\t\t\thref=\"https:\/\/jeffsbryggeri.glimnet.nu\/index.php\/varukorg\/\"\n\t\t\t\t\tclass=\"added_to_cart wc_forward\"\n\t\t\t\t\ttitle=\"Visa varukorg\"\n\t\t\t\t>\n\t\t\t\t\tVisa varukorg\n\t\t\t\t<\/a>\n\t\t\t<\/span>\n\t\t\t\t<\/div>\n\n\t\t\t\t<\/li><\/ul>\n\n<\/div>\n","protected":false},"excerpt":{"rendered":"<p>Jeffs microbryggeri Jeffs Bryggeri b\u00f6rjade som ett garageprojekt med fokus p\u00e5 \u00f6l som levererar mer \u00e4n v\u00e4ntat. I dag brygger vi i sm\u00e5 satser med rena r\u00e5varor, balanserade smaker och respekt f\u00f6r hantverket. H\u00e4r m\u00f6ts klassiska stilar och egna experiment. Handla i v\u00e5r webshop Handla enkelt och bekv\u00e4mt direkt i v\u00e5r webshop och l\u00e5t kvalitets\u00f6l [&hellip;]<\/p>\n","protected":false},"author":1,"featured_media":0,"parent":0,"menu_order":0,"comment_status":"closed","ping_status":"closed","template":"","meta":{"footnotes":""},"class_list":["post-101","page","type-page","status-publish","hentry"],"_links":{"self":[{"href":"https:\/\/jeffsbryggeri.glimnet.nu\/index.php\/wp-json\/wp\/v2\/pages\/101","targetHints":{"allow":["GET"]}}],"collection":[{"href":"https:\/\/jeffsbryggeri.glimnet.nu\/index.php\/wp-json\/wp\/v2\/pages"}],"about":[{"href":"https:\/\/jeffsbryggeri.glimnet.nu\/index.php\/wp-json\/wp\/v2\/types\/page"}],"author":[{"embeddable":true,"href":"https:\/\/jeffsbryggeri.glimnet.nu\/index.php\/wp-json\/wp\/v2\/users\/1"}],"replies":[{"embeddable":true,"href":"https:\/\/jeffsbryggeri.glimnet.nu\/index.php\/wp-json\/wp\/v2\/comments?post=101"}],"version-history":[{"count":20,"href":"https:\/\/jeffsbryggeri.glimnet.nu\/index.php\/wp-json\/wp\/v2\/pages\/101\/revisions"}],"predecessor-version":[{"id":277,"href":"https:\/\/jeffsbryggeri.glimnet.nu\/index.php\/wp-json\/wp\/v2\/pages\/101\/revisions\/277"}],"wp:attachment":[{"href":"https:\/\/jeffsbryggeri.glimnet.nu\/index.php\/wp-json\/wp\/v2\/media?parent=101"}],"curies":[{"name":"wp","href":"https:\/\/api.w.org\/{rel}","templated":true}]}}